{"id":9,"date":"2017-03-23T11:05:14","date_gmt":"2017-03-23T11:05:14","guid":{"rendered":"https:\/\/swiatlaprzyrody.pl\/?page_id=9"},"modified":"2025-04-04T10:37:42","modified_gmt":"2025-04-04T10:37:42","slug":"home-accountant","status":"publish","type":"page","link":"https:\/\/swiatlaprzyrody.pl\/","title":{"rendered":"Piaskowa Magia"},"content":{"rendered":"<p><!--themify_builder_static--><h1><br\/>\u015awiat\u0142a Przyrody<\/h1>\n<a href=\"https:\/\/swiatlaprzyrody.pl\/wp-content\/uploads\/2025\/04\/afryka-ulotka.pdf\" > Pobierz ulotk\u0119 <\/a>\n<h6><strong>Zapraszamy do kontaktu<\/strong><\/h6> <h6><strong>bok@swiatlahistorii.pl<\/strong><\/h6><!--\/themify_builder_static--><\/p>\n\n<!-- wp:themify-builder\/canvas \/-->","protected":false},"excerpt":{"rendered":"<p>\u015awiat\u0142a Przyrody Pobierz ulotk\u0119 Zapraszamy do kontaktu bok@swiatlahistorii.pl<\/p>\n","protected":false},"author":1,"featured_media":0,"parent":0,"menu_order":0,"comment_status":"closed","ping_status":"closed","template":"","meta":{"footnotes":""},"class_list":["post-9","page","type-page","status-publish","hentry","has-post-title","has-post-date","has-post-category","has-post-tag","has-post-comment","has-post-author",""],"builder_content":"<h1><br\/>\u015awiat\u0142a Przyrody<\/h1>\n<a href=\"https:\/\/swiatlaprzyrody.pl\/wp-content\/uploads\/2025\/04\/afryka-ulotka.pdf\" > Pobierz ulotk\u0119 <\/a>\n<h6><strong>Zapraszamy do kontaktu<\/strong><\/h6> <h6><strong>bok@swiatlahistorii.pl<\/strong><\/h6>","_links":{"self":[{"href":"https:\/\/swiatlaprzyrody.pl\/index.php?rest_route=\/wp\/v2\/pages\/9","targetHints":{"allow":["GET"]}}],"collection":[{"href":"https:\/\/swiatlaprzyrody.pl\/index.php?rest_route=\/wp\/v2\/pages"}],"about":[{"href":"https:\/\/swiatlaprzyrody.pl\/index.php?rest_route=\/wp\/v2\/types\/page"}],"author":[{"embeddable":true,"href":"https:\/\/swiatlaprzyrody.pl\/index.php?rest_route=\/wp\/v2\/users\/1"}],"replies":[{"embeddable":true,"href":"https:\/\/swiatlaprzyrody.pl\/index.php?rest_route=%2Fwp%2Fv2%2Fcomments&post=9"}],"version-history":[{"count":25,"href":"https:\/\/swiatlaprzyrody.pl\/index.php?rest_route=\/wp\/v2\/pages\/9\/revisions"}],"predecessor-version":[{"id":116,"href":"https:\/\/swiatlaprzyrody.pl\/index.php?rest_route=\/wp\/v2\/pages\/9\/revisions\/116"}],"wp:attachment":[{"href":"https:\/\/swiatlaprzyrody.pl\/index.php?rest_route=%2Fwp%2Fv2%2Fmedia&parent=9"}],"curies":[{"name":"wp","href":"https:\/\/api.w.org\/{rel}","templated":true}]}}